{"id":703,"date":"2025-11-06T18:40:13","date_gmt":"2025-11-06T18:40:13","guid":{"rendered":"https:\/\/staging.dmx1step.com\/?page_id=703"},"modified":"2025-11-13T20:43:24","modified_gmt":"2025-11-13T20:43:24","slug":"warranty","status":"publish","type":"page","link":"https:\/\/staging.dmx1step.com\/es\/warranty\/","title":{"rendered":"Warranty"},"content":{"rendered":"\n<section class=\"wp-block-greenshift-blocks-row gspb_row gspb_row-id-gsbp-11f8e12 gspb_row--gutter-custom-0\" id=\"gspb_row-id-gsbp-11f8e12\">\n<div class=\"wp-block-greenshift-blocks-row-column gspb_row__col--12 gspb_col-id-gsbp-f3e7667\" id=\"gspb_col-id-gsbp-f3e7667\">\n<div class=\"wp-block-greenshift-blocks-iconbox gspb_iconBox gspb_iconBox-id-gsbp-e4be965\" id=\"gspb_iconBox-id-gsbp-e4be965\"><div class=\"gspb_iconBox__wrapper\" style=\"display:inline-flex\"><svg xmlns=\"http:\/\/www.w3.org\/2000\/svg\" style=\"width:5rem;height:5rem;margin:10px\" width=\"24\" height=\"24\" viewBox=\"0 0 24 24\" fill=\"none\" stroke=\"currentColor\" stroke-width=\"2\" stroke-linecap=\"round\" stroke-linejoin=\"round\" class=\"lucide lucide-shield w-16 h-16 mx-auto mb-6 text-blue-400\"><path d=\"M20 13c0 5-3.5 7.5-7.66 8.95a1 1 0 0 1-.67-.01C7.5 20.5 4 18 4 13V6a1 1 0 0 1 1-1c2 0 4.5-1.2 6.24-2.72a1.17 1.17 0 0 1 1.52 0C14.51 3.81 17 5 19 5a1 1 0 0 1 1 1z\"><\/path><\/svg><\/div><\/div>\n\n\n\n<h1 id=\"gspb_heading-id-gsbp-d403f2d\" class=\"gspb_heading gspb_heading-id-gsbp-d403f2d \">Garant\u00eda de 25 a\u00f1os<\/h1>\n\n\n\n<div id=\"gspb_text-id-gsbp-da71523\" class=\"gspb_text gspb_text-id-gsbp-da71523 \">Protecci\u00f3n integral para su inversi\u00f3n en DMX 1-Step 2.0<\/div>\n<\/div>\n<\/section>\n\n\n\n<div class=\"wp-block-greenshift-blocks-container gspb_container gspb_container-gsbp-ff3966e\" id=\"gspb_container-id-gsbp-ff3966e\" data-aos=\"fade-up\" data-aos-easing=\"ease\" data-aos-duration=\"800\" data-aos-once=\"true\">\n<div class=\"gspb_button_wrapper gspb_button-id-gsbp-514b7ee\" id=\"gspb_button-id-gsbp-514b7ee\"><a class=\"wp-block-greenshift-blocks-buttonbox gspb-buttonbox wp-element-button\" data-aos=\"fade-up-blur\" data-aos-easing=\"ease\" data-aos-duration=\"800\" data-aos-once=\"true\" href=\"\" id=\"downloadbtnwarranty\" rel=\"noopener\"><span class=\"gspb-buttonbox-textwrap\"><span class=\"gspb-buttonbox-icon\"><svg xmlns=\"http:\/\/www.w3.org\/2000\/svg\" style=\"width:5rem;height:5rem;margin:10px\" width=\"24\" height=\"24\" viewBox=\"0 0 24 24\" fill=\"none\" stroke=\"currentColor\" stroke-width=\"2\" stroke-linecap=\"round\" stroke-linejoin=\"round\" class=\"lucide lucide-download w-5 h-5 mr-2\"><path d=\"M21 15v4a2 2 0 0 1-2 2H5a2 2 0 0 1-2-2v-4\"><\/path><polyline points=\"7 10 12 15 17 10\"><\/polyline><line x1=\"12\" x2=\"12\" y1=\"15\" y2=\"3\"><\/line><\/svg><\/span><span class=\"gspb-buttonbox-text\"><span class=\"gspb-buttonbox-title\">Descargar garant\u00eda<\/span><\/span><\/span><\/a><\/div>\n\n\n\n<div class=\"gspb_button_wrapper gspb_button-id-gsbp-028bffd\" id=\"gspb_button-id-gsbp-028bffd\"><a class=\"wp-block-greenshift-blocks-buttonbox gspb-buttonbox wp-element-button\" data-aos=\"fade-up-blur\" data-aos-easing=\"ease\" data-aos-duration=\"800\" data-aos-once=\"true\" href=\"\" id=\"printbtnwarranty\" rel=\"noopener\"><span class=\"gspb-buttonbox-textwrap\"><span class=\"gspb-buttonbox-icon\"><svg class=\"\" style=\"display:inline-block;vertical-align:middle\" width=\"15\" height=\"15\" viewBox=\"0 0 1024 1024\" xmlns=\"http:\/\/www.w3.org\/2000\/svg\"><path style=\"fill:#565D66\" d=\"M800 528c-26.5 0-48 21.48-48 48 0 26.5 21.5 48 48 48s48-21.5 48-48c0-26.52-21.5-48-48-48zM864 352v-152.24c0-25.46-10.12-49.88-28.12-67.88l-103.76-103.76c-18-18-42.42-28.12-67.88-28.12h-443.28c-33.68 0-60.96 28.66-60.96 64v288c-88.36 0-160 71.64-160 160v256c0 17.68 14.32 32 32 32h128v192c0 17.68 14.32 32 32 32h640c17.68 0 32-14.32 32-32v-192h128c17.68 0 32-14.32 32-32v-256c0-88.36-71.64-160-160-160zM256 96h384v96c0 17.68 14.32 32 32 32h96v128h-512v-256zM768 928h-512v-128h512v128zM928 704h-832v-192c0-35.28 28.72-64 64-64h704c35.28 0 64 28.72 64 64v192z\"><\/path><\/svg><\/span><span class=\"gspb-buttonbox-text\"><span class=\"gspb-buttonbox-title\">Imprimir documento<\/span><\/span><\/span><\/a><\/div>\n<\/div>\n\n\n\n<div class=\"wp-block-greenshift-blocks-container gspb_container gspb_container-gsbp-6979f9a\" id=\"gspb_container-id-gsbp-6979f9a\" data-aos=\"fade-up\" data-aos-easing=\"ease\" data-aos-duration=\"800\" data-aos-once=\"true\">\n<div id=\"gspb_text-id-gsbp-6026fd3\" class=\"gspb_text gspb_text-id-gsbp-6026fd3 \"><strong>Documento de garant\u00eda<\/strong><\/div>\n\n\n\n<div id=\"gspb_text-id-gsbp-061bf71\" class=\"gspb_text gspb_text-id-gsbp-061bf71 \"><a href=\"\/wp-content\/uploads\/2025\/11\/DMX-1-Step-2.0-Warranty-45458-TM-EN.pdf.pdf\" target=\"_blank\" rel=\"noreferrer noopener\">Abrir en una nueva pesta\u00f1a \u2192<\/a><\/div>\n<\/div>\n\n\n\n<div class=\"wp-block-greenshift-blocks-row gspb_row gspb_row-id-gsbp-1b07c76\" id=\"gspb_row-id-gsbp-1b07c76\" data-aos=\"fade-up\" data-aos-easing=\"ease\" data-aos-duration=\"800\" data-aos-once=\"true\"><div class=\"gspb_row__content\"> \n<div class=\"wp-block-greenshift-blocks-row-column gspb_row__col--12 gspb_col-id-gsbp-9002b09\" id=\"gspb_col-id-gsbp-9002b09\">\n<iframe data-aos=\"fade-up\" data-aos-easing=\"ease\" data-aos-duration=\"800\" data-aos-once=\"true\" class=\"gsbp-70251d5\" src=\"\/wp-content\/uploads\/2025\/11\/DMX-1-Step-2.0-Warranty-45458-TM-EN.pdf.pdf\" frameborder=\"0\" loading=\"lazy\"><\/iframe>\n<\/div>\n <\/div><\/div>\n\n\n\n<div class=\"wp-block-greenshift-blocks-container alignfull gspb_container gspb_container-gsbp-964ad47\" id=\"gspb_container-id-gsbp-964ad47\">\n<div class=\"wp-block-greenshift-blocks-iconbox gspb_iconBox gspb_iconBox-id-gsbp-f8e19c0\" id=\"gspb_iconBox-id-gsbp-f8e19c0\"><div class=\"gspb_iconBox__wrapper\" style=\"display:inline-flex\" data-aos=\"fade-up\" data-aos-easing=\"ease\" data-aos-duration=\"800\" data-aos-once=\"true\"><svg xmlns=\"http:\/\/www.w3.org\/2000\/svg\" style=\"width:5rem;height:5rem;margin:10px\" width=\"16\" height=\"16\" fill=\"currentColor\" class=\"bi bi-exclamation-circle\" viewBox=\"0 0 16 16\">\n  <path d=\"M8 15A7 7 0 1 1 8 1a7 7 0 0 1 0 14m0 1A8 8 0 1 0 8 0a8 8 0 0 0 0 16\"><\/path>\n  <path d=\"M7.002 11a1 1 0 1 1 2 0 1 1 0 0 1-2 0M7.1 4.995a.905.905 0 1 1 1.8 0l-.35 3.507a.552.552 0 0 1-1.1 0z\"><\/path>\n<\/svg><\/div><\/div>\n\n\n\n<h1 id=\"gspb_heading-id-gsbp-36ad5a0\" class=\"gspb_heading gspb_heading-id-gsbp-36ad5a0 \" data-aos=\"fade-up\" data-aos-easing=\"ease\" data-aos-duration=\"800\" data-aos-once=\"true\">\u00a1Informaci\u00f3n importante!<\/h1>\n\n\n\n<div id=\"gspb_text-id-gsbp-ad1bd81\" class=\"gspb_text gspb_text-id-gsbp-ad1bd81 \" data-aos=\"fade-up\" data-aos-easing=\"ease\" data-aos-duration=\"800\" data-aos-once=\"true\">Guarde el recibo de compra y la documentaci\u00f3n de la garant\u00eda en un lugar seguro. Para reclamaciones o preguntas sobre la garant\u00eda, p\u00f3ngase en contacto con nuestro equipo de atenci\u00f3n al cliente.<br><br>Aseg\u00farese de seguir las instrucciones de instalaci\u00f3n para garantizar que su garant\u00eda siga siendo v\u00e1lida.<\/div>\n\n\n\n<div class=\"wp-block-greenshift-blocks-container gspb_container gspb_container-gsbp-c198115\" id=\"gspb_container-id-gsbp-c198115\" data-aos=\"fade-up\" data-aos-easing=\"ease\" data-aos-duration=\"800\" data-aos-once=\"true\">\n<div class=\"gspb_button_wrapper gspb_button-id-gsbp-9cf4b1a\" id=\"gspb_button-id-gsbp-9cf4b1a\"><a class=\"wp-block-greenshift-blocks-buttonbox gspb-buttonbox wp-element-button\" data-aos=\"fade-up-blur\" data-aos-easing=\"ease\" data-aos-duration=\"800\" data-aos-once=\"true\" href=\"\/es\/faq\" rel=\"noopener\"><span class=\"gspb-buttonbox-textwrap\"><span class=\"gspb-buttonbox-icon\"><svg class=\"\" style=\"display:inline-block;vertical-align:middle\" width=\"15\" height=\"15\" viewBox=\"0 0 1024 1024\" xmlns=\"http:\/\/www.w3.org\/2000\/svg\"><path style=\"fill:#565D66\" d=\"M512 16c-273.914 0-496 222.166-496 496 0 273.994 222.086 496 496 496s496-222.006 496-496c0-273.834-222.086-496-496-496zM512 912c-221.064 0-400-178.862-400-400 0-220.99 178.944-400 400-400 220.982 0 400 178.942 400 400 0 221.060-178.862 400-400 400zM512 236c46.392 0 84 37.608 84 84s-37.608 84-84 84-84-37.608-84-84 37.608-84 84-84zM624 744c0 13.254-10.746 24-24 24h-176c-13.254 0-24-10.746-24-24v-48c0-13.254 10.746-24 24-24h24v-128h-24c-13.254 0-24-10.746-24-24v-48c0-13.254 10.746-24 24-24h128c13.254 0 24 10.746 24 24v200h24c13.254 0 24 10.746 24 24v48z\"><\/path><\/svg><\/span><span class=\"gspb-buttonbox-text\"><span class=\"gspb-buttonbox-title\">VER PREGUNTAS FRECUENTES<\/span><\/span><\/span><\/a><\/div>\n\n\n\n<div class=\"gspb_button_wrapper gspb_button-id-gsbp-fd3216b\" id=\"gspb_button-id-gsbp-fd3216b\"><a class=\"wp-block-greenshift-blocks-buttonbox gspb-buttonbox wp-element-button\" data-aos=\"fade-up-blur\" data-aos-easing=\"ease\" data-aos-duration=\"800\" data-aos-once=\"true\" href=\"\/es\/contact\" rel=\"noopener\"><span class=\"gspb-buttonbox-textwrap\"><span class=\"gspb-buttonbox-icon\"><svg class=\"\" style=\"display:inline-block;vertical-align:middle\" width=\"15\" height=\"15\" viewBox=\"0 0 1024 1024\" xmlns=\"http:\/\/www.w3.org\/2000\/svg\"><path style=\"fill:#565D66\" d=\"M953 45.8l-188.4-43.4c-43.2-10-87.2 12.4-104.6 53.2l-87 203c-16 37.2-5.2 81.2 26.2 106.8l80 65.4c-57.2 104.8-143.6 191.2-248.4 248.2l-65.4-80c-25.6-31.4-69.6-42.2-106.8-26.2l-203.2 87c-40.8 17.4-63 61.4-53.2 104.6l43.4 188.4c9.6 41.8 46.4 71 89.2 71 489.8 0.2 889.2-396.4 889.2-888.8 0-42.8-29.2-79.6-71-89.2zM138.6 928l-41.8-181.4 196.4-84.2 111.4 136.2c197.6-92.8 301.2-196 394-394l-136.2-111.4 84.2-196.4 181.4 41.8c-2 435.2-354.2 787.4-789.4 789.4z\"><\/path><\/svg><\/span><span class=\"gspb-buttonbox-text\"><span class=\"gspb-buttonbox-title\">Cont\u00e1ctenos<\/span><\/span><\/span><\/a><\/div>\n<\/div>\n<\/div>\n","protected":false},"excerpt":{"rendered":"","protected":false},"author":1,"featured_media":0,"parent":0,"menu_order":0,"comment_status":"closed","ping_status":"closed","template":"","meta":{"_gspb_post_css":"#gspb_row-id-gsbp-11f8e12{margin-top:0;row-gap:0;flex-wrap:wrap;margin-bottom:80px;padding:40px;min-width:100%;background-image:linear-gradient(135deg,#15244f 0,#2e4da1 100%)}#gspb_row-id-gsbp-11f8e12>.gspb_row__content{display:flex;justify-content:space-between;margin:0 auto;width:100%;flex-wrap:wrap}div[id^=gspb_col-id]{box-sizing:border-box;position:relative;padding:var(--gs-row-column-padding, 15px min(3vw, 20px))}#gspb_col-id-gsbp-f3e7667.gspb_row__col--12{width:calc(100% - 0px)}@media (max-width:991.98px){#gspb_col-id-gsbp-f3e7667.gspb_row__col--12{width:calc(100% - 0px)}}@media (max-width:767.98px){#gspb_col-id-gsbp-f3e7667.gspb_row__col--12{width:calc(100% - 0px)}}@media (max-width:575.98px){#gspb_col-id-gsbp-f3e7667.gspb_row__col--12{width:100%}}#gspb_iconBox-id-gsbp-e4be965 svg{width:72px;margin:0!important}#gspb_iconBox-id-gsbp-e4be965,#gspb_row-id-gsbp-11f8e12{justify-content:center;display:flex}#gspb_iconBox-id-gsbp-e4be965 svg,#gspb_iconBox-id-gsbp-e4be965 svg path{fill:#ffffff00!important;stroke:#fff!important}#gspb_iconBox-id-gsbp-e4be965 .gspb_iconBox__wrapper{margin-bottom:15px!important;margin-top:0}#gspb_heading-id-gsbp-d403f2d{text-transform:capitalize;font-size:var(--wp--preset--font-size--x-large)!important;text-align:center!important;color:var(--wp--preset--color--palette-color-8, var(--theme-palette-color-8, #ffffff))}.gspb_text-id-gsbp-da71523{text-transform:capitalize;font-size:20px;color:#ceedf3;margin-top:0!important}#gspb_heading-id-gsbp-d403f2d .gsap-g-line,.gspb_text-id-gsbp-da71523,.gspb_text-id-gsbp-da71523 .gsap-g-line{text-align:center!important}.gspb_container-id-gsbp-6979f9a,.gspb_container-id-gsbp-ff3966e{flex-direction:column;box-sizing:border-box}#gspb_container-id-gsbp-6979f9a.gspb_container>p:last-of-type,#gspb_container-id-gsbp-964ad47.gspb_container>p:last-of-type,#gspb_container-id-gsbp-c198115.gspb_container>p:last-of-type,#gspb_container-id-gsbp-ff3966e.gspb_container>p:last-of-type{margin-bottom:0}#gspb_container-id-gsbp-ff3966e.gspb_container{position:relative;display:flex;justify-content:center;column-gap:20px;margin-bottom:60px;transition-duration:.8s;transition-timing-function:var(--gs-root-animation-easing, cubic-bezier(0.42, 0, 0.58, 1));opacity:var(--gs-root-animation-opacity, 0);transition-property:opacity,transform,filter;transform:var(--gs-root-animation-transform, translate3d(0, calc(max(50px, 15%)), 0))}#gspb_container-id-gsbp-ff3966e.gspb_container.aos-animate,#gspb_container-id-gsbp-ff3966e.gspb_container[data-gs-aos]{opacity:1;transform:translateZ(0)}#gspb_button-id-gsbp-028bffd,#gspb_button-id-gsbp-514b7ee{display:flex;justify-content:flex-start}#gspb_button-id-gsbp-514b7ee .gspb-buttonbox-text{display:flex;flex-direction:column}#gspb_button-id-gsbp-514b7ee>.gspb-buttonbox{box-sizing:border-box}#gspb_button-id-gsbp-028bffd>.gspb-buttonbox>.gspb-buttonbox-textwrap>.gspb-buttonbox-icon,#gspb_button-id-gsbp-514b7ee>.gspb-buttonbox>.gspb-buttonbox-textwrap>.gspb-buttonbox-icon,#gspb_button-id-gsbp-9cf4b1a>.gspb-buttonbox>.gspb-buttonbox-textwrap>.gspb-buttonbox-icon,#gspb_button-id-gsbp-fd3216b>.gspb-buttonbox>.gspb-buttonbox-textwrap>.gspb-buttonbox-icon{display:flex}#gspb_button-id-gsbp-514b7ee>.gspb-buttonbox .gspb-buttonbox-icon svg{height:18px!important;width:18px!important;min-width:18px!important;fill:#00000000!important;margin:0!important;stroke:#fff!important}#gspb_button-id-gsbp-514b7ee>.gspb-buttonbox .gspb-buttonbox-icon svg path{fill:#00000000!important;stroke:#fff!important}#gspb_button-id-gsbp-514b7ee>.gspb-buttonbox>.gspb-buttonbox-textwrap{display:flex;flex-direction:row;align-items:center}#gspb_button-id-gsbp-514b7ee .gspb-buttonbox-icon{margin-right:13px}#gspb_button-id-gsbp-514b7ee>.gspb-buttonbox{background-color:#0790fb;box-shadow:0 15px 25px 0 rgba(0,0,0,.1);transition-duration:.8s;transition-timing-function:var(--gs-root-animation-easing, cubic-bezier(0.42, 0, 0.58, 1));opacity:var(--gs-root-animation-opacity, 0);transition-property:opacity,transform,filter;transform:var(--gs-root-animation-transform, translate3d(0, calc(max(50px, 15%)), 0));filter:blur(10px)}#gspb_button-id-gsbp-514b7ee>.gspb-buttonbox,#gspb_button-id-gsbp-514b7ee>.gspb-buttonbox>.gspb_backgroundOverlay{border-top-left-radius:16px;border-top-right-radius:16px;border-bottom-right-radius:16px;border-bottom-left-radius:16px}#gspb_button-id-gsbp-514b7ee>.gspb-buttonbox:hover{box-shadow:0 32px 48px 0 rgba(0,0,0,.15)}#gspb_button-id-gsbp-514b7ee>.gspb-buttonbox.aos-animate,#gspb_button-id-gsbp-514b7ee>.gspb-buttonbox[data-gs-aos]{opacity:1;transform:translateZ(0);filter:blur(0)}#gspb_button-id-gsbp-028bffd .gspb-buttonbox-text{display:flex;flex-direction:column}#gspb_button-id-gsbp-028bffd>.gspb-buttonbox{box-sizing:border-box}#gspb_button-id-gsbp-028bffd>.gspb-buttonbox .gspb-buttonbox-icon svg,#gspb_button-id-gsbp-028bffd>.gspb-buttonbox .gspb-buttonbox-icon svg path{fill:var(--wp--preset--color--palette-color-4, var(--theme-palette-color-4, #102136))!important}#gspb_button-id-gsbp-028bffd>.gspb-buttonbox .gspb-buttonbox-icon svg{margin:0!important;transform:rotateY(180deg)}#gspb_button-id-gsbp-028bffd>.gspb-buttonbox>.gspb-buttonbox-textwrap{display:flex;flex-direction:row;align-items:center}#gspb_button-id-gsbp-028bffd .gspb-buttonbox-icon{margin-right:13px}#gspb_button-id-gsbp-028bffd>.gspb-buttonbox,#gspb_container-id-gsbp-6979f9a.gspb_container,#gspb_row-id-gsbp-1b07c76{transition-duration:.8s;transition-timing-function:var(--gs-root-animation-easing, cubic-bezier(0.42, 0, 0.58, 1));opacity:var(--gs-root-animation-opacity, 0);transition-property:opacity,transform,filter;transform:var(--gs-root-animation-transform, translate3d(0, calc(max(50px, 15%)), 0))}#gspb_button-id-gsbp-028bffd>.gspb-buttonbox{background-color:#0791fa00;color:var(--wp--preset--color--palette-color-4, var(--theme-palette-color-4, #102136));border-style:solid;border-width:1px;border-color:var(--wp--preset--color--palette-color-4, var(--theme-palette-color-4, #102136));box-shadow:0 15px 25px 0 rgba(0,0,0,.1);filter:blur(10px)}#gspb_button-id-gsbp-028bffd>.gspb-buttonbox,#gspb_button-id-gsbp-028bffd>.gspb-buttonbox>.gspb_backgroundOverlay{border-top-left-radius:16px;border-top-right-radius:16px;border-bottom-right-radius:16px;border-bottom-left-radius:16px}#gspb_button-id-gsbp-028bffd>.gspb-buttonbox:hover{box-shadow:0 32px 48px 0 rgba(0,0,0,.15)}#gspb_button-id-gsbp-028bffd>.gspb-buttonbox.aos-animate,#gspb_button-id-gsbp-028bffd>.gspb-buttonbox[data-gs-aos]{opacity:1;transform:translateZ(0);filter:blur(0)}#gspb_container-id-gsbp-6979f9a.gspb_container,#gspb_row-id-gsbp-1b07c76{justify-content:space-between;margin-bottom:0;display:flex}#gspb_container-id-gsbp-6979f9a.gspb_container{position:relative;align-content:center;align-items:flex-start;column-gap:20px;padding:15px;background-color:var(--wp--preset--color--palette-color-4, var(--theme-palette-color-4, #102136))}#gspb_container-id-gsbp-6979f9a.gspb_container,#gspb_container-id-gsbp-6979f9a.gspb_container>.gspb_backgroundOverlay{border-top-left-radius:16px;border-top-right-radius:16px}#gspb_container-id-gsbp-6979f9a.gspb_container.aos-animate,#gspb_container-id-gsbp-6979f9a.gspb_container[data-gs-aos]{opacity:1;transform:translateZ(0)}.gspb_text-id-gsbp-6026fd3{text-transform:capitalize;font-size:var(--wp--preset--font-size--medium)!important;color:#fff;margin-bottom:0!important}.gspb_text-id-gsbp-061bf71,.gspb_text-id-gsbp-061bf71 .wp-block a,.gspb_text-id-gsbp-061bf71 a{color:#0790fb}.gspb_text-id-gsbp-061bf71 .wp-block a:hover,.gspb_text-id-gsbp-061bf71 a:hover{color:#fff}.gspb_text-id-gsbp-061bf71{margin-bottom:0!important}#gspb_row-id-gsbp-1b07c76{flex-wrap:wrap;margin-top:0}#gspb_row-id-gsbp-1b07c76>.gspb_row__content{display:flex;justify-content:space-between;margin:0 auto;width:100%;flex-wrap:wrap}.gspb_row{position:relative}body.gspb-bodyfront #gspb_row-id-gsbp-1b07c76>.gspb_row__content{width:var(--theme-container-width, 1200px);max-width:var(--theme-normal-container-max-width, 1200px)}#gspb_row-id-gsbp-1b07c76.aos-animate,#gspb_row-id-gsbp-1b07c76[data-gs-aos],.gsbp-70251d5.aos-animate,.gsbp-70251d5[data-gs-aos]{opacity:1;transform:translateZ(0)}#gspb_col-id-gsbp-9002b09.gspb_row__col--12{width:100%}@media (max-width:575.98px){#gspb_col-id-gsbp-9002b09.gspb_row__col--12{width:100%}}.gspb_row #gspb_col-id-gsbp-9002b09.gspb_row__col--12{padding:0 0 40px}#gspb_col-id-gsbp-9002b09.gspb_row__col--12{box-shadow:0 5px 23px 0 rgba(188,207,219,.35)}#gspb_col-id-gsbp-9002b09.gspb_row__col--12:hover{box-shadow:0 15px 25px 0 rgba(0,0,0,.1)}#gspb_col-id-gsbp-9002b09.gspb_row__col--12,#gspb_col-id-gsbp-9002b09.gspb_row__col--12>.gspb_backgroundOverlay{border-bottom-right-radius:16px;border-bottom-left-radius:16px}.gsbp-70251d5{min-width:100%;min-height:500px;transition-duration:.8s;transition-timing-function:var(--gs-root-animation-easing, cubic-bezier(0.42, 0, 0.58, 1));opacity:var(--gs-root-animation-opacity, 0);transition-property:opacity,transform,filter;transform:var(--gs-root-animation-transform, translate3d(0, calc(max(50px, 15%)), 0))}.gspb_container-id-gsbp-964ad47{flex-direction:column;box-sizing:border-box}#gspb_container-id-gsbp-964ad47.gspb_container{position:relative;display:block;margin-top:50px;margin-bottom:0;padding:50px 50px 60px}@media (max-width:991.98px){#gspb_container-id-gsbp-964ad47.gspb_container{margin-bottom:80px;padding:50px}}@media (max-width:575.98px){#gspb_container-id-gsbp-964ad47.gspb_container{margin-bottom:60px;padding:35px}}#gspb_container-id-gsbp-964ad47.gspb_container,#gspb_container-id-gsbp-964ad47.gspb_container>.gspb_backgroundOverlay{border-top-left-radius:40px;border-top-right-radius:40px;border-bottom-right-radius:0;border-bottom-left-radius:0}#gspb_container-id-gsbp-964ad47.gspb_container{background-image:linear-gradient(180deg,#15244f 0,#2e4da1 100%)}#gspb_iconBox-id-gsbp-f8e19c0 svg{width:72px;fill:#e70e0e!important;margin:0!important}#gspb_iconBox-id-gsbp-f8e19c0{justify-content:center;display:flex}#gspb_iconBox-id-gsbp-f8e19c0 svg path{fill:#e70e0e!important}#gspb_iconBox-id-gsbp-f8e19c0 .gspb_iconBox__wrapper{transition-duration:.8s;transition-timing-function:var(--gs-root-animation-easing, cubic-bezier(0.42, 0, 0.58, 1));opacity:var(--gs-root-animation-opacity, 0);transition-property:opacity,transform,filter;transform:var(--gs-root-animation-transform, translate3d(0, calc(max(50px, 15%)), 0))}#gspb_container-id-gsbp-c198115.gspb_container.aos-animate,#gspb_container-id-gsbp-c198115.gspb_container[data-gs-aos],#gspb_heading-id-gsbp-36ad5a0.aos-animate,#gspb_heading-id-gsbp-36ad5a0[data-gs-aos],#gspb_iconBox-id-gsbp-f8e19c0 .gspb_iconBox__wrapper.aos-animate,#gspb_iconBox-id-gsbp-f8e19c0 .gspb_iconBox__wrapper[data-gs-aos],.gspb_text-id-gsbp-ad1bd81.aos-animate,.gspb_text-id-gsbp-ad1bd81[data-gs-aos]{opacity:1;transform:translateZ(0)}#gspb_heading-id-gsbp-36ad5a0{text-transform:capitalize;text-align:center!important;color:#fff}#gspb_heading-id-gsbp-36ad5a0 .gsap-g-line{text-align:center!important}#gspb_container-id-gsbp-c198115.gspb_container,#gspb_heading-id-gsbp-36ad5a0,.gspb_text-id-gsbp-ad1bd81{transition-duration:.8s;transition-timing-function:var(--gs-root-animation-easing, cubic-bezier(0.42, 0, 0.58, 1));opacity:var(--gs-root-animation-opacity, 0);transition-property:opacity,transform,filter;transform:var(--gs-root-animation-transform, translate3d(0, calc(max(50px, 15%)), 0))}.gspb_text-id-gsbp-ad1bd81{font-size:18px;color:#ceedf3}.gspb_text-id-gsbp-ad1bd81,.gspb_text-id-gsbp-ad1bd81 .gsap-g-line{text-align:center!important}.gspb_container-id-gsbp-c198115{flex-direction:column;box-sizing:border-box}#gspb_container-id-gsbp-c198115.gspb_container{position:relative;display:flex;justify-content:center;column-gap:20px;margin-top:40px;margin-bottom:0}#gspb_button-id-gsbp-9cf4b1a,#gspb_button-id-gsbp-fd3216b{display:flex;justify-content:flex-start}#gspb_button-id-gsbp-9cf4b1a .gspb-buttonbox-text{display:flex;flex-direction:column}#gspb_button-id-gsbp-9cf4b1a>.gspb-buttonbox{box-sizing:border-box}#gspb_button-id-gsbp-9cf4b1a>.gspb-buttonbox .gspb-buttonbox-icon svg,#gspb_button-id-gsbp-9cf4b1a>.gspb-buttonbox .gspb-buttonbox-icon svg path{fill:#fff!important}#gspb_button-id-gsbp-9cf4b1a>.gspb-buttonbox .gspb-buttonbox-icon svg{margin:0!important}#gspb_button-id-gsbp-9cf4b1a>.gspb-buttonbox>.gspb-buttonbox-textwrap{display:flex;flex-direction:row;align-items:center}#gspb_button-id-gsbp-9cf4b1a .gspb-buttonbox-icon{margin-right:13px}#gspb_button-id-gsbp-9cf4b1a>.gspb-buttonbox{background-color:#0790fb;box-shadow:0 15px 25px 0 rgba(0,0,0,.1);transition-duration:.8s;transition-timing-function:var(--gs-root-animation-easing, cubic-bezier(0.42, 0, 0.58, 1));opacity:var(--gs-root-animation-opacity, 0);transition-property:opacity,transform,filter;transform:var(--gs-root-animation-transform, translate3d(0, calc(max(50px, 15%)), 0));filter:blur(10px)}#gspb_button-id-gsbp-9cf4b1a>.gspb-buttonbox,#gspb_button-id-gsbp-9cf4b1a>.gspb-buttonbox>.gspb_backgroundOverlay{border-top-left-radius:16px;border-top-right-radius:16px;border-bottom-right-radius:16px;border-bottom-left-radius:16px}#gspb_button-id-gsbp-9cf4b1a>.gspb-buttonbox:hover{box-shadow:0 32px 48px 0 rgba(0,0,0,.15)}#gspb_button-id-gsbp-9cf4b1a>.gspb-buttonbox.aos-animate,#gspb_button-id-gsbp-9cf4b1a>.gspb-buttonbox[data-gs-aos]{opacity:1;transform:translateZ(0);filter:blur(0)}#gspb_button-id-gsbp-fd3216b .gspb-buttonbox-text{display:flex;flex-direction:column}#gspb_button-id-gsbp-fd3216b>.gspb-buttonbox{box-sizing:border-box}#gspb_button-id-gsbp-fd3216b>.gspb-buttonbox .gspb-buttonbox-icon svg,#gspb_button-id-gsbp-fd3216b>.gspb-buttonbox .gspb-buttonbox-icon svg path{fill:#fff!important}#gspb_button-id-gsbp-fd3216b>.gspb-buttonbox .gspb-buttonbox-icon svg{margin:0!important;transform:rotateY(180deg)}#gspb_button-id-gsbp-fd3216b>.gspb-buttonbox>.gspb-buttonbox-textwrap{display:flex;flex-direction:row;align-items:center}#gspb_button-id-gsbp-fd3216b .gspb-buttonbox-icon{margin-right:13px}#gspb_button-id-gsbp-fd3216b>.gspb-buttonbox{background-color:#0791fa00;border-style:solid;border-width:3px;border-color:#ffffff12;box-shadow:0 15px 25px 0 rgba(0,0,0,.1);transition-duration:.8s;transition-timing-function:var(--gs-root-animation-easing, cubic-bezier(0.42, 0, 0.58, 1));opacity:var(--gs-root-animation-opacity, 0);transition-property:opacity,transform,filter;transform:var(--gs-root-animation-transform, translate3d(0, calc(max(50px, 15%)), 0));filter:blur(10px)}#gspb_button-id-gsbp-fd3216b>.gspb-buttonbox,#gspb_button-id-gsbp-fd3216b>.gspb-buttonbox>.gspb_backgroundOverlay{border-top-left-radius:16px;border-top-right-radius:16px;border-bottom-right-radius:16px;border-bottom-left-radius:16px}#gspb_button-id-gsbp-fd3216b>.gspb-buttonbox:hover{box-shadow:0 32px 48px 0 rgba(0,0,0,.15)}#gspb_button-id-gsbp-fd3216b>.gspb-buttonbox.aos-animate,#gspb_button-id-gsbp-fd3216b>.gspb-buttonbox[data-gs-aos]{opacity:1;transform:translateZ(0);filter:blur(0)}","footnotes":""},"class_list":["post-703","page","type-page","status-publish","hentry"],"blocksy_meta":{"has_hero_section":"disabled","styles_descriptor":{"styles":{"desktop":"","tablet":"","mobile":""},"google_fonts":[],"version":6}},"_links":{"self":[{"href":"https:\/\/staging.dmx1step.com\/es\/wp-json\/wp\/v2\/pages\/703","targetHints":{"allow":["GET"]}}],"collection":[{"href":"https:\/\/staging.dmx1step.com\/es\/wp-json\/wp\/v2\/pages"}],"about":[{"href":"https:\/\/staging.dmx1step.com\/es\/wp-json\/wp\/v2\/types\/page"}],"author":[{"embeddable":true,"href":"https:\/\/staging.dmx1step.com\/es\/wp-json\/wp\/v2\/users\/1"}],"replies":[{"embeddable":true,"href":"https:\/\/staging.dmx1step.com\/es\/wp-json\/wp\/v2\/comments?post=703"}],"version-history":[{"count":10,"href":"https:\/\/staging.dmx1step.com\/es\/wp-json\/wp\/v2\/pages\/703\/revisions"}],"predecessor-version":[{"id":1000,"href":"https:\/\/staging.dmx1step.com\/es\/wp-json\/wp\/v2\/pages\/703\/revisions\/1000"}],"wp:attachment":[{"href":"https:\/\/staging.dmx1step.com\/es\/wp-json\/wp\/v2\/media?parent=703"}],"curies":[{"name":"wp","href":"https:\/\/api.w.org\/{rel}","templated":true}]}}